{"id":11,"date":"2015-04-14T10:42:02","date_gmt":"2015-04-14T10:42:02","guid":{"rendered":"http:\/\/www.cims-segnaletica.it\/?page_id=11"},"modified":"2015-07-23T15:02:53","modified_gmt":"2015-07-23T15:02:53","slug":"segnaletica","status":"publish","type":"page","link":"https:\/\/www.cims-segnaletica.it\/?page_id=11","title":{"rendered":"Segnaletica"},"content":{"rendered":"<div class=\"box\">\n<p>La segnaletica \u00e8 il linguaggio con il quale l&#8217;amministratore di una strada comunica agli utenti la disciplina della circolazione: regole, pericoli, indicazioni ed informazioni utili.<\/p>\n<p>Per conseguire l&#8217;abilitazione alla guida di veicoli (patente di guida) \u00e8 richiesto obbligatoriamente di imparare tale &#8220;linguaggio&#8221;.<\/p>\n<p>Senza l&#8217;apposizione della segnaletica (o con un&#8217;apposizione errata o difforme da quanto stabilito dalle Norme), non possono essere correttamente applicate le &#8220;regole&#8221; della circolazione stradale.<\/p>\n<p>Come le note musicali, quello della segnaletica stradale \u00e8 uno dei linguaggi pi\u00f9 diffusi al mondo, ci\u00f2 fa s\u00ec che una figura ottagonale con la scritta STOP significhi per quasi tutta l&#8217;umanit\u00e0 &#8220;fermarsi e dare la precedenza&#8221;, cos\u00ec come la luce &#8220;rossa&#8221; del semaforo e come gli altri &#8220;segni&#8221; adottati convenzionalmente sulle strade italiane hanno significati comuni a quasi tutta l&#8217;umanit\u00e0.<\/p>\n<p>La segnaletica stradale \u00e8 regolata da Leggi e costruita con l\u2019impiego di materiali tecnologicamente sofisticati, quali pellicole rifrangenti con microsfere o con microprismi (per consentirne la percezione di notte come di giorno), applicate a supporti (che ne consentono l&#8217;ancoraggio ai sostegni) grazie ad adesivi speciali.<\/p>\n<p>Si pu\u00f2 dire che la segnaletica stradale \u00e8 vecchia quasi quanto le strade\u00a0stesse, infatti gi\u00e0 ai tempi dell&#8217;Impero Romano\u00a0lungo le strade appena costruite, ogni milium (cio\u00e8 cinquemila <i>pes<\/i> o mille <i>passus<\/i> secondo le unit\u00e0 di misura\u00a0del tempo) veniva posta ai bordi della carreggiata\u00a0una pietra cilindrica (la pietra miliare) alta anche 3 o pi\u00f9 metri, sulla quale erano incise le miglia percorse dalla citt\u00e0 precedente, quelle mancanti alla successiva, oltre che la distanza da Roma (<i>&#8220;Tutte le strade portano a Roma&#8221;&#8230;<\/i>).<\/p>\n<p>Sembra altres\u00ec che gi\u00e0 nel Medioevo\u00a0fosse abitudine l&#8217;apporre su pali di legno, situati sugli incroci\u00a0di vie, dei cartelli indicanti la direzione da prendere per giungere alle varie citt\u00e0.<\/p>\n<p>Naturalmente la necessit\u00e0 di indicazioni stradali, non pi\u00f9 solamente di direzione o distanza ma anche di prescrizione, \u00e8 enormemente cresciuta con l&#8217;invenzione dell&#8217;automobile; infatti gi\u00e0 nel 1908\u00a0si \u00e8 tenuto il primo <i>Congresso Mondiale delle strade<\/i> dove sono state stilate le linee guida per la segnaletica stradale moderna. Da questo congresso \u00e8 nata l&#8217;Associazione\u00a0Mondiale della Strada\u00a0(AIPCR) che raggruppa ad oggi 108 Governi; con cadenza quadriennale si svolgono nuovi Congressi al fine di migliorare sempre pi\u00f9 la sicurezza stradale, garantita anche dalla presenza e dal rispetto di una corretta segnaletica.<\/p>\n<\/div>\n","protected":false},"excerpt":{"rendered":"<p>La segnaletica \u00e8 il linguaggio con il quale l&#8217;amministratore di una strada comunica agli utenti la disciplina della circolazione: regole, pericoli, indicazioni ed informazioni utili. Per conseguire l&#8217;abilitazione alla guida di veicoli (patente di guida) \u00e8 richiesto obbligatoriamente di imparare tale &#8220;linguaggio&#8221;. Senza l&#8217;apposizione della segnaletica (o con un&#8217;apposizione errata o difforme da quanto stabilito [&hellip;]<\/p>\n","protected":false},"author":1,"featured_media":0,"parent":0,"menu_order":0,"comment_status":"closed","ping_status":"closed","template":"","meta":[],"_links":{"self":[{"href":"https:\/\/www.cims-segnaletica.it\/index.php?rest_route=\/wp\/v2\/pages\/11"}],"collection":[{"href":"https:\/\/www.cims-segnaletica.it\/index.php?rest_route=\/wp\/v2\/pages"}],"about":[{"href":"https:\/\/www.cims-segnaletica.it\/index.php?rest_route=\/wp\/v2\/types\/page"}],"author":[{"embeddable":true,"href":"https:\/\/www.cims-segnaletica.it\/index.php?rest_route=\/wp\/v2\/users\/1"}],"replies":[{"embeddable":true,"href":"https:\/\/www.cims-segnaletica.it\/index.php?rest_route=%2Fwp%2Fv2%2Fcomments&post=11"}],"version-history":[{"count":7,"href":"https:\/\/www.cims-segnaletica.it\/index.php?rest_route=\/wp\/v2\/pages\/11\/revisions"}],"predecessor-version":[{"id":503,"href":"https:\/\/www.cims-segnaletica.it\/index.php?rest_route=\/wp\/v2\/pages\/11\/revisions\/503"}],"wp:attachment":[{"href":"https:\/\/www.cims-segnaletica.it\/index.php?rest_route=%2Fwp%2Fv2%2Fmedia&parent=11"}],"curies":[{"name":"wp","href":"https:\/\/api.w.org\/{rel}","templated":true}]}}