{"id":7,"date":"2015-04-14T10:41:42","date_gmt":"2015-04-14T10:41:42","guid":{"rendered":"http:\/\/www.cims-segnaletica.it\/?page_id=7"},"modified":"2025-02-25T11:42:43","modified_gmt":"2025-02-25T11:42:43","slug":"storia","status":"publish","type":"page","link":"https:\/\/www.cims-segnaletica.it\/?page_id=7","title":{"rendered":"Storia"},"content":{"rendered":"<p>La CIMS (Costruzione Installazione Manutenzione Segnalamento) nasce nel 1979 per opera dell\u2019 ing. Renzo Pezzi, che dopo varie esperienze nelle aziende di maggior importanza a livello nazionale degli anni \u201960 e \u201970 (Capo Sezione del Servizio Segnalazioni Stradali per l\u2019Emilia Romagna, Direttore Commerciale della Gubela S.p.A.di Castiglione delle Stiviere MN) decide di creare una propria realt\u00e0 grazie alla professionalit\u00e0 e l\u2019esperienza maturata.<br \/>\nLa CIMS dell\u2019ing. Renzo Pezzi comincia ad affermarsi nel mercato nazionale del settore diventando punto di riferimento per molteplici amministrazioni pubbliche, per la progettazione lo studio e l\u2019esecuzione di lavori di segnaletica orizzontale e verticale.<br \/>\nNel 1987 entra in azienda come collaboratore il figlio Gabriele e nel 1993 la ditta individuale viene conferita in CIMS snc di Pezzi Renzo &amp; c. con socio al 40,00% Gabriele Pezzi.<br \/>\nNel 2005 da societ\u00e0 di persone viene trasformata in CIMS s.r.l. e ne diventa Amministratore Unico Gabriele Pezzi.<br \/>\nRenzo Pezzi viene a mancare nel gennaio del 2008 e la societ\u00e0 rimane di propriet\u00e0 di Gabriele Pezzi che \u00e8 anche l\u2019Amministratore.<br \/>\nNel corso di questi anni, dalla nascita l\u2019azienda ha sempre avuto un costante crescendo di clienti e fatturato e si \u00e8 sviluppata in tecnologia offrendo un servizio a 360 gradi nel settore della segnaletica stradale.<br \/>\nLa societ\u00e0 possiede la certificazione di qualit\u00e0 ISO 9001 2015 N. 4434-A, l\u2019attestazione SOA Cat. OS10 classifica 4 per lavori fino a 2.500.000,00 \u20ac (segnaletica stradale non luminosa), l\u2019attestazione SOA Cat. OS12 classifica 3 fino a 1.032.000,00 \u20ac (fornitura e posa barriere stradali di sicurezza), certificazione 14001 ambientale, certificazione 45001 per la sicurezza sul lavoro, certificazione LEI e White List.<br \/>\nL\u2019azienda oggi occupa n. 3 impiegate, n. 3 geometri per l\u2019ufficio tecnico e n. 8 squadre operative per l\u2019esecuzione dei lavori.<br \/>\nNegli anni, la qualit\u00e0 del servizio e la ricerca della soddisfazione del cliente sono stati gli elementi imprescindibili che hanno permesso di affermarsi stabilmente nel territorio nazionale.<br \/>\nL\u2019innovazione, nuove tecnologie, le attrezzature all\u2019avanguardia, un personale altamente specializzato sempre in evoluzione, uniti ad una passione ed una dedizione totale da parte della Direzione sono la garanzia del presente e la sfida al futuro.<\/p>\n","protected":false},"excerpt":{"rendered":"<p>La CIMS (Costruzione Installazione Manutenzione Segnalamento) nasce nel 1979 per opera dell\u2019 ing. Renzo Pezzi, che dopo varie esperienze nelle aziende di maggior importanza a livello nazionale degli anni \u201960 e \u201970 (Capo Sezione del Servizio Segnalazioni Stradali per l\u2019Emilia Romagna, Direttore Commerciale della Gubela S.p.A.di Castiglione delle Stiviere MN) decide di creare una propria [&hellip;]<\/p>\n","protected":false},"author":1,"featured_media":0,"parent":0,"menu_order":0,"comment_status":"closed","ping_status":"closed","template":"","meta":[],"_links":{"self":[{"href":"https:\/\/www.cims-segnaletica.it\/index.php?rest_route=\/wp\/v2\/pages\/7"}],"collection":[{"href":"https:\/\/www.cims-segnaletica.it\/index.php?rest_route=\/wp\/v2\/pages"}],"about":[{"href":"https:\/\/www.cims-segnaletica.it\/index.php?rest_route=\/wp\/v2\/types\/page"}],"author":[{"embeddable":true,"href":"https:\/\/www.cims-segnaletica.it\/index.php?rest_route=\/wp\/v2\/users\/1"}],"replies":[{"embeddable":true,"href":"https:\/\/www.cims-segnaletica.it\/index.php?rest_route=%2Fwp%2Fv2%2Fcomments&post=7"}],"version-history":[{"count":10,"href":"https:\/\/www.cims-segnaletica.it\/index.php?rest_route=\/wp\/v2\/pages\/7\/revisions"}],"predecessor-version":[{"id":831,"href":"https:\/\/www.cims-segnaletica.it\/index.php?rest_route=\/wp\/v2\/pages\/7\/revisions\/831"}],"wp:attachment":[{"href":"https:\/\/www.cims-segnaletica.it\/index.php?rest_route=%2Fwp%2Fv2%2Fmedia&parent=7"}],"curies":[{"name":"wp","href":"https:\/\/api.w.org\/{rel}","templated":true}]}}